{"id":1264,"date":"2025-08-06T17:20:03","date_gmt":"2025-08-06T15:20:03","guid":{"rendered":"https:\/\/generalemballage.com\/en\/?page_id=1264"},"modified":"2025-08-07T15:47:21","modified_gmt":"2025-08-07T13:47:21","slug":"history","status":"publish","type":"page","link":"https:\/\/generalemballage.com\/en\/history\/","title":{"rendered":"History"},"content":{"rendered":"\t\t<div data-elementor-type=\"wp-page\" data-elementor-id=\"1264\" class=\"elementor elementor-1264\">\n\t\t\t\t<div class=\"elementor-element elementor-element-66898ef e-flex e-con-boxed wpr-particle-no wpr-jarallax-no wpr-parallax-no wpr-sticky-section-no e-con e-parent\" data-id=\"66898ef\" data-element_type=\"container\" data-e-type=\"container\">\n\t\t\t\t\t<div class=\"e-con-inner\">\n\t\t\t\t<div class=\"elementor-element elementor-element-29a5448 elementor-widget elementor-widget-shortcode\" data-id=\"29a5448\" data-element_type=\"widget\" data-e-type=\"widget\" data-widget_type=\"shortcode.default\">\n\t\t\t\t<div class=\"elementor-widget-container\">\n\t\t\t\t\t\t\t<div class=\"elementor-shortcode\">\t\t\t<!-- Cool Timeline Free V3.3.0 -->\n\t\t\t<div class=\"ctl-wrapper\" role=\"region\" aria-label=\"Timeline\">\n\t\t\t\t<div class=\"ctl-before-content\"><div class=\"timeline-main-title\"><H2>HISTORY<\/H2><\/div><\/div>\t\t\t\t<div id=\"cool_timeline_1\" class=\"cool-timeline-wrapper ctl-both-sided ctl-vertical-wrapper\" >\n\t\t\t\t\t<div class=\"ctl-start\"><\/div>\n\t\t\t\t\t<!-- Timeline Container -->\n\t\t\t\t\t<div class=\"ctl-timeline ctl-timeline-container\" data-animation=\"none\">\n\t\t\t\t\t\t<!-- Center Line -->\n\t\t\t\t\t\t<div class=\"ctl-inner-line\" role=\"presentation\"><\/div>\n\t\t\t\t\t\t\t\t\t\t\t\t<!-- Timeline Content --><div  id=\"ctl-story-1314\" class=\"ctl-story ctl-story-icon odd ctl-story-right\" data-aos=\"none\"   data-story-index=\"1\" role=\"article\"><!-- Story Icon --><div class=\"ctl-icon\"><i class=\"fa fa-clock-o\" aria-hidden=\"true\"><\/i><\/div> <!-- Story Arrow --><div class=\"ctl-arrow\"><\/div><!-- Story Content --><div class=\"ctl-content\"><!-- Story Title --><div class=\"ctl-title story-1314\" aria-label=\"2\"><a target=\"_self\" title=\"2025\" href=\"https:\/\/generalemballage.com\/en\/cool_timeline\/2025\/\" class=\"story-link\">2025<\/a><\/div><!-- Story Description --><div class=\"ctl-description\"><p>April 24: Laying of the foundation stone for the Na\u00e2ma paper mill<\/p>\n<\/div><\/div><\/div><!-- Timeline Content --><div  id=\"ctl-story-1313\" class=\"ctl-story ctl-story-icon even ctl-story-left\" data-aos=\"none\"   data-story-index=\"2\" role=\"article\"><!-- Story Icon --><div class=\"ctl-icon\"><i class=\"fa fa-clock-o\" aria-hidden=\"true\"><\/i><\/div> <!-- Story Arrow --><div class=\"ctl-arrow\"><\/div><!-- Story Content --><div class=\"ctl-content\"><!-- Story Title --><div class=\"ctl-title story-1313\" aria-label=\"2\"><a target=\"_self\" title=\"2024\" href=\"https:\/\/generalemballage.com\/en\/cool_timeline\/2024\/\" class=\"story-link\">2024<\/a><\/div><!-- Story Description --><div class=\"ctl-description\"><p>April 22: Gold medal at the Djaz&#8217;Innov competition June 12: FSC certification Workforce: 1332<\/p>\n<\/div><\/div><\/div><!-- Timeline Content --><div  id=\"ctl-story-1312\" class=\"ctl-story ctl-story-icon odd ctl-story-right\" data-aos=\"none\"   data-story-index=\"3\" role=\"article\"><!-- Story Icon --><div class=\"ctl-icon\"><i class=\"fa fa-clock-o\" aria-hidden=\"true\"><\/i><\/div> <!-- Story Arrow --><div class=\"ctl-arrow\"><\/div><!-- Story Content --><div class=\"ctl-content\"><!-- Story Title --><div class=\"ctl-title story-1312\" aria-label=\"2\"><a target=\"_self\" title=\"2022\" href=\"https:\/\/generalemballage.com\/en\/cool_timeline\/2022\/\" class=\"story-link\">2022<\/a><\/div><!-- Story Description --><div class=\"ctl-description\"><p>January 02: Start-up of the new Oran plant at ZI Hassi Ben Okba April 20: First export to Niger October 30: Opening of the Oran Recovery Center Workforce: 1330<\/p>\n<\/div><\/div><\/div><!-- Timeline Content --><div  id=\"ctl-story-1311\" class=\"ctl-story ctl-story-icon even ctl-story-left\" data-aos=\"none\"   data-story-index=\"4\" role=\"article\"><!-- Story Icon --><div class=\"ctl-icon\"><i class=\"fa fa-clock-o\" aria-hidden=\"true\"><\/i><\/div> <!-- Story Arrow --><div class=\"ctl-arrow\"><\/div><!-- Story Content --><div class=\"ctl-content\"><!-- Story Title --><div class=\"ctl-title story-1311\" aria-label=\"2\"><a target=\"_self\" title=\"2019\" href=\"https:\/\/generalemballage.com\/en\/cool_timeline\/2019\/\" class=\"story-link\">2019<\/a><\/div><!-- Story Description --><div class=\"ctl-description\"><p>Workforce: 1201 January 16: Awarded as an \u201cinspiring\u201d company for Africa in the London Stock Exchange Group&#8217;s \u201cCompanies to inspire Africa 2019\u201d report. April 21: First shipment to Belgium June 13: Special Jury Prize at the Troph\u00e9e Export 2018 (World Trade Center (WTCA) June 19: First export to France<\/p>\n<\/div><\/div><\/div><!-- Timeline Content --><div  id=\"ctl-story-1310\" class=\"ctl-story ctl-story-icon odd ctl-story-right\" data-aos=\"none\"   data-story-index=\"5\" role=\"article\"><!-- Story Icon --><div class=\"ctl-icon\"><i class=\"fa fa-clock-o\" aria-hidden=\"true\"><\/i><\/div> <!-- Story Arrow --><div class=\"ctl-arrow\"><\/div><!-- Story Content --><div class=\"ctl-content\"><!-- Story Title --><div class=\"ctl-title story-1310\" aria-label=\"2\"><a target=\"_self\" title=\"2018\" href=\"https:\/\/generalemballage.com\/en\/cool_timeline\/2018\/\" class=\"story-link\">2018<\/a><\/div><!-- Story Description --><div class=\"ctl-description\"><p>Workforce: 1200 April 09: ISO 9001 Version 2015 certification July 29: COFACE @@@ rating<\/p>\n<\/div><\/div><\/div><!-- Timeline Content --><div  id=\"ctl-story-1309\" class=\"ctl-story ctl-story-icon even ctl-story-left\" data-aos=\"none\"   data-story-index=\"6\" role=\"article\"><!-- Story Icon --><div class=\"ctl-icon\"><i class=\"fa fa-clock-o\" aria-hidden=\"true\"><\/i><\/div> <!-- Story Arrow --><div class=\"ctl-arrow\"><\/div><!-- Story Content --><div class=\"ctl-content\"><!-- Story Title --><div class=\"ctl-title story-1309\" aria-label=\"2\"><a target=\"_self\" title=\"2017\" href=\"https:\/\/generalemballage.com\/en\/cool_timeline\/2017\/\" class=\"story-link\">2017<\/a><\/div><!-- Story Description --><div class=\"ctl-description\"><p>Effectif: 1200 Avril 19 : Notation COFACE @@@<\/p>\n<\/div><\/div><\/div><!-- Timeline Content --><div  id=\"ctl-story-1308\" class=\"ctl-story ctl-story-icon odd ctl-story-right\" data-aos=\"none\"   data-story-index=\"7\" role=\"article\"><!-- Story Icon --><div class=\"ctl-icon\"><i class=\"fa fa-clock-o\" aria-hidden=\"true\"><\/i><\/div> <!-- Story Arrow --><div class=\"ctl-arrow\"><\/div><!-- Story Content --><div class=\"ctl-content\"><!-- Story Title --><div class=\"ctl-title story-1308\" aria-label=\"2\"><a target=\"_self\" title=\"2016\" href=\"https:\/\/generalemballage.com\/en\/cool_timeline\/2016\/\" class=\"story-link\">2016<\/a><\/div><!-- Story Description --><div class=\"ctl-description\"><p>February: 1st export to Spain August: Maghreb Private Equity Fund withdraws and Development Partners International (DPI) and Deutsche Dation Investitions und Entwicklungsgesellschaft mbH (DEG) acquire 49% of the share capital September: 1st export to Mauritania Number of employees: 1170<\/p>\n<\/div><\/div><\/div><!-- Timeline Content --><div  id=\"ctl-story-1306\" class=\"ctl-story ctl-story-icon even ctl-story-left\" data-aos=\"none\"   data-story-index=\"8\" role=\"article\"><!-- Story Icon --><div class=\"ctl-icon\"><i class=\"fa fa-clock-o\" aria-hidden=\"true\"><\/i><\/div> <!-- Story Arrow --><div class=\"ctl-arrow\"><\/div><!-- Story Content --><div class=\"ctl-content\"><!-- Story Title --><div class=\"ctl-title story-1306\" aria-label=\"2\"><a target=\"_self\" title=\"2014\" href=\"https:\/\/generalemballage.com\/en\/cool_timeline\/2014\/\" class=\"story-link\">2014<\/a><\/div><!-- Story Description --><div class=\"ctl-description\"><p>Workforce: 1005 February 22: Signature of a recruitment agreement with the Agence Nationale de l&#8217;Emploi (ANEM) October 30: Start of exports to Libya<\/p>\n<\/div><\/div><\/div><!-- Timeline Content --><div  id=\"ctl-story-1307\" class=\"ctl-story ctl-story-icon odd ctl-story-right\" data-aos=\"none\"   data-story-index=\"9\" role=\"article\"><!-- Story Icon --><div class=\"ctl-icon\"><i class=\"fa fa-clock-o\" aria-hidden=\"true\"><\/i><\/div> <!-- Story Arrow --><div class=\"ctl-arrow\"><\/div><!-- Story Content --><div class=\"ctl-content\"><!-- Story Title --><div class=\"ctl-title story-1307\" aria-label=\"2\"><a target=\"_self\" title=\"2015\" href=\"https:\/\/generalemballage.com\/en\/cool_timeline\/2015\/\" class=\"story-link\">2015<\/a><\/div><!-- Story Description --><div class=\"ctl-description\"><p>Effectif: 1100 Avril: Entr\u00e9e en production de la nouvelle usine de S\u00e9tif \u00e0 ZI Ain Sfiha Juin 02 : Prix d\u2019encouragement du Troph\u00e9e Export 2014 (World Trade Center (WTCA)<\/p>\n<\/div><\/div><\/div><!-- Timeline Content --><div  id=\"ctl-story-1305\" class=\"ctl-story ctl-story-icon even ctl-story-left\" data-aos=\"none\"   data-story-index=\"10\" role=\"article\"><!-- Story Icon --><div class=\"ctl-icon\"><i class=\"fa fa-clock-o\" aria-hidden=\"true\"><\/i><\/div> <!-- Story Arrow --><div class=\"ctl-arrow\"><\/div><!-- Story Content --><div class=\"ctl-content\"><!-- Story Title --><div class=\"ctl-title story-1305\" aria-label=\"2\"><a target=\"_self\" title=\"2013\" href=\"https:\/\/generalemballage.com\/en\/cool_timeline\/2013\/\" class=\"story-link\">2013<\/a><\/div><!-- Story Description --><div class=\"ctl-description\"><p>Workforce: 960 January 23: ISO 9001:2008 certification October 8: Launch of the 1st class of the Bachelor&#8217;s degree in Packaging &amp; Quality at the University of B\u00e9jaia<\/p>\n<\/div><\/div><\/div><!-- Timeline Content --><div  id=\"ctl-story-1304\" class=\"ctl-story ctl-story-icon odd ctl-story-right\" data-aos=\"none\"   data-story-index=\"11\" role=\"article\"><!-- Story Icon --><div class=\"ctl-icon\"><i class=\"fa fa-clock-o\" aria-hidden=\"true\"><\/i><\/div> <!-- Story Arrow --><div class=\"ctl-arrow\"><\/div><!-- Story Content --><div class=\"ctl-content\"><!-- Story Title --><div class=\"ctl-title story-1304\" aria-label=\"2\"><a target=\"_self\" title=\"2012\" href=\"https:\/\/generalemballage.com\/en\/cool_timeline\/2012\/\" class=\"story-link\">2012<\/a><\/div><!-- Story Description --><div class=\"ctl-description\"><p>March: Production capacity increased to 130,000 tonnes June: Oran plant transferred to Hassi-Ameur industrial zone June: Production of first high-resolution structures July 02: Framework partnership agreement signed with the University of B\u00e9jaia December 17: COFACE rating \u201c @@@ \u201d. @@@ &#8221; Workforce: 830 employees<\/p>\n<\/div><\/div><\/div><!-- Timeline Content --><div  id=\"ctl-story-1303\" class=\"ctl-story ctl-story-icon even ctl-story-left\" data-aos=\"none\"   data-story-index=\"12\" role=\"article\"><!-- Story Icon --><div class=\"ctl-icon\"><i class=\"fa fa-clock-o\" aria-hidden=\"true\"><\/i><\/div> <!-- Story Arrow --><div class=\"ctl-arrow\"><\/div><!-- Story Content --><div class=\"ctl-content\"><!-- Story Title --><div class=\"ctl-title story-1303\" aria-label=\"2\"><a target=\"_self\" title=\"2010\" href=\"https:\/\/generalemballage.com\/en\/cool_timeline\/2010\/\" class=\"story-link\">2010<\/a><\/div><!-- Story Description --><div class=\"ctl-description\"><p>Employees: 630<\/p>\n<\/div><\/div><\/div><!-- Timeline Content --><div  id=\"ctl-story-1302\" class=\"ctl-story ctl-story-icon odd ctl-story-right\" data-aos=\"none\"   data-story-index=\"13\" role=\"article\"><!-- Story Icon --><div class=\"ctl-icon\"><i class=\"fa fa-clock-o\" aria-hidden=\"true\"><\/i><\/div> <!-- Story Arrow --><div class=\"ctl-arrow\"><\/div><!-- Story Content --><div class=\"ctl-content\"><!-- Story Title --><div class=\"ctl-title story-1302\" aria-label=\"2\"><a target=\"_self\" title=\"2009\" href=\"https:\/\/generalemballage.com\/en\/cool_timeline\/2009\/\" class=\"story-link\">2009<\/a><\/div><!-- Story Description --><div class=\"ctl-description\"><p>03 June: Capital increase to DA 2 billion and entry of MAGHREB PRIVATE EQUITY FUND II \u201cCyprus II\u201d (MPEF II) with a 40% stake. G\u00e9n\u00e9ral Emballage becomes a joint-stock company Workforce: 597 employees<\/p>\n<\/div><\/div><\/div><!-- Timeline Content --><div  id=\"ctl-story-1301\" class=\"ctl-story ctl-story-icon even ctl-story-left\" data-aos=\"none\"   data-story-index=\"14\" role=\"article\"><!-- Story Icon --><div class=\"ctl-icon\"><i class=\"fa fa-clock-o\" aria-hidden=\"true\"><\/i><\/div> <!-- Story Arrow --><div class=\"ctl-arrow\"><\/div><!-- Story Content --><div class=\"ctl-content\"><!-- Story Title --><div class=\"ctl-title story-1301\" aria-label=\"2\"><a target=\"_self\" title=\"2008\" href=\"https:\/\/generalemballage.com\/en\/cool_timeline\/2008\/\" class=\"story-link\">2008<\/a><\/div><!-- Story Description --><div class=\"ctl-description\"><p>Start of exports to Tunisia. Start-up of Oran plant.<\/p>\n<\/div><\/div><\/div><!-- Timeline Content --><div  id=\"ctl-story-1300\" class=\"ctl-story ctl-story-icon odd ctl-story-right\" data-aos=\"none\"   data-story-index=\"15\" role=\"article\"><!-- Story Icon --><div class=\"ctl-icon\"><i class=\"fa fa-clock-o\" aria-hidden=\"true\"><\/i><\/div> <!-- Story Arrow --><div class=\"ctl-arrow\"><\/div><!-- Story Content --><div class=\"ctl-content\"><!-- Story Title --><div class=\"ctl-title story-1300\" aria-label=\"2\"><a target=\"_self\" title=\"2007\" href=\"https:\/\/generalemballage.com\/en\/cool_timeline\/2007\/\" class=\"story-link\">2007<\/a><\/div><!-- Story Description --><div class=\"ctl-description\"><p>Capital increased to 1.23 billion dinars. Workforce: 425 employees. Production Trophy (Euro-D\u00e9veloppement PME). S\u00e9tif plant goes into production<\/p>\n<\/div><\/div><\/div><!-- Timeline Content --><div  id=\"ctl-story-1299\" class=\"ctl-story ctl-story-icon even ctl-story-left\" data-aos=\"none\"   data-story-index=\"16\" role=\"article\"><!-- Story Icon --><div class=\"ctl-icon\"><i class=\"fa fa-clock-o\" aria-hidden=\"true\"><\/i><\/div> <!-- Story Arrow --><div class=\"ctl-arrow\"><\/div><!-- Story Content --><div class=\"ctl-content\"><!-- Story Title --><div class=\"ctl-title story-1299\" aria-label=\"2\"><a target=\"_self\" title=\"2006\" href=\"https:\/\/generalemballage.com\/en\/cool_timeline\/2006\/\" class=\"story-link\">2006<\/a><\/div><!-- Story Description --><div class=\"ctl-description\"><p>Capital increased to 150 million dinars Workforce: 318 employees<\/p>\n<\/div><\/div><\/div><!-- Timeline Content --><div  id=\"ctl-story-1298\" class=\"ctl-story ctl-story-icon odd ctl-story-right\" data-aos=\"none\"   data-story-index=\"17\" role=\"article\"><!-- Story Icon --><div class=\"ctl-icon\"><i class=\"fa fa-clock-o\" aria-hidden=\"true\"><\/i><\/div> <!-- Story Arrow --><div class=\"ctl-arrow\"><\/div><!-- Story Content --><div class=\"ctl-content\"><!-- Story Title --><div class=\"ctl-title story-1298\" aria-label=\"2\"><a target=\"_self\" title=\"2002\" href=\"https:\/\/generalemballage.com\/en\/cool_timeline\/2002\/\" class=\"story-link\">2002<\/a><\/div><!-- Story Description --><div class=\"ctl-description\"><p>Akbou plant starts production with 83 employees<\/p>\n<\/div><\/div><\/div><!-- Timeline Content --><div  id=\"ctl-story-1294\" class=\"ctl-story ctl-story-icon even ctl-story-left\" data-aos=\"none\"   data-story-index=\"18\" role=\"article\"><!-- Story Icon --><div class=\"ctl-icon\"><i class=\"fa fa-clock-o\" aria-hidden=\"true\"><\/i><\/div> <!-- Story Arrow --><div class=\"ctl-arrow\"><\/div><!-- Story Content --><div class=\"ctl-content\"><!-- Story Title --><div class=\"ctl-title story-1294\" aria-label=\"2\"><a target=\"_self\" title=\"2000\" href=\"https:\/\/generalemballage.com\/en\/cool_timeline\/2000\/\" class=\"story-link\">2000<\/a><\/div><!-- Story Description --><div class=\"ctl-description\"><p>August 1 Creation of SARL G\u00e9n\u00e9ral Emballage with a capital of 32 million dinars in the Taharacht business park (Akbou.W. de B\u00e9jaia) (APSI decision N\u00b013051 of June 06, 1998).<\/p>\n<\/div><\/div><\/div>\t\t\t\t\t<\/div>\n\t\t\t\t\t<div class=\"ctl-end\"><\/div>\n\t\t\t\t\t\t\t\t\t<\/div>\n\t\t\t<\/div>\n\t\t\t\n\n<\/div>\n\t\t\t\t\t\t<\/div>\n\t\t\t\t<\/div>\n\t\t\t\t\t<\/div>\n\t\t\t\t<\/div>\n\t\t\t\t<\/div>\n\t\t","protected":false},"excerpt":{"rendered":"","protected":false},"author":1,"featured_media":0,"parent":0,"menu_order":0,"comment_status":"closed","ping_status":"closed","template":"","meta":{"site-sidebar-layout":"no-sidebar","site-content-layout":"","ast-site-content-layout":"full-width-container","site-content-style":"default","site-sidebar-style":"default","ast-global-header-display":"","ast-banner-title-visibility":"","ast-main-header-display":"","ast-hfb-above-header-display":"","ast-hfb-below-header-display":"","ast-hfb-mobile-header-display":"","site-post-title":"disabled","ast-breadcrumbs-content":"","ast-featured-img":"disabled","footer-sml-layout":"","ast-disable-related-posts":"","theme-transparent-header-meta":"","adv-header-id-meta":"","stick-header-meta":"","header-above-stick-meta":"","header-main-stick-meta":"","header-below-stick-meta":"","astra-migrate-meta-layouts":"default","ast-page-background-enabled":"default","ast-page-background-meta":{"desktop":{"background-color":"var(--ast-global-color-5)","background-image":"","background-repeat":"repeat","background-position":"center center","background-size":"auto","background-attachment":"scroll","background-type":"","background-media":"","overlay-type":"","overlay-color":"","overlay-opacity":"","overlay-gradient":""},"tablet":{"background-color":"","background-image":"","background-repeat":"repeat","background-position":"center center","background-size":"auto","background-attachment":"scroll","background-type":"","background-media":"","overlay-type":"","overlay-color":"","overlay-opacity":"","overlay-gradient":""},"mobile":{"background-color":"","background-image":"","background-repeat":"repeat","background-position":"center center","background-size":"auto","background-attachment":"scroll","background-type":"","background-media":"","overlay-type":"","overlay-color":"","overlay-opacity":"","overlay-gradient":""}},"ast-content-background-meta":{"desktop":{"background-color":"var(--ast-global-color-4)","background-image":"","background-repeat":"repeat","background-position":"center center","background-size":"auto","background-attachment":"scroll","background-type":"","background-media":"","overlay-type":"","overlay-color":"","overlay-opacity":"","overlay-gradient":""},"tablet":{"background-color":"var(--ast-global-color-4)","background-image":"","background-repeat":"repeat","background-position":"center center","background-size":"auto","background-attachment":"scroll","background-type":"","background-media":"","overlay-type":"","overlay-color":"","overlay-opacity":"","overlay-gradient":""},"mobile":{"background-color":"var(--ast-global-color-4)","background-image":"","background-repeat":"repeat","background-position":"center center","background-size":"auto","background-attachment":"scroll","background-type":"","background-media":"","overlay-type":"","overlay-color":"","overlay-opacity":"","overlay-gradient":""}},"_themeisle_gutenberg_block_has_review":false,"footnotes":""},"class_list":["post-1264","page","type-page","status-publish","hentry"],"yoast_head":"<!-- This site is optimized with the Yoast SEO plugin v27.3 - https:\/\/yoast.com\/product\/yoast-seo-wordpress\/ -->\n<title>History - General emballage<\/title>\n<meta name=\"robots\" content=\"index, follow, max-snippet:-1, max-image-preview:large, max-video-preview:-1\" \/>\n<link rel=\"canonical\" href=\"https:\/\/generalemballage.com\/en\/history\/\" \/>\n<meta property=\"og:locale\" content=\"en_US\" \/>\n<meta property=\"og:type\" content=\"article\" \/>\n<meta property=\"og:title\" content=\"History - General emballage\" \/>\n<meta property=\"og:url\" content=\"https:\/\/generalemballage.com\/en\/history\/\" \/>\n<meta property=\"og:site_name\" content=\"General emballage\" \/>\n<meta property=\"article:modified_time\" content=\"2025-08-07T13:47:21+00:00\" \/>\n<meta name=\"twitter:card\" content=\"summary_large_image\" \/>\n<script type=\"application\/ld+json\" class=\"yoast-schema-graph\">{\"@context\":\"https:\\\/\\\/schema.org\",\"@graph\":[{\"@type\":\"WebPage\",\"@id\":\"https:\\\/\\\/generalemballage.com\\\/en\\\/history\\\/\",\"url\":\"https:\\\/\\\/generalemballage.com\\\/en\\\/history\\\/\",\"name\":\"History - General emballage\",\"isPartOf\":{\"@id\":\"https:\\\/\\\/generalemballage.com\\\/en\\\/#website\"},\"datePublished\":\"2025-08-06T15:20:03+00:00\",\"dateModified\":\"2025-08-07T13:47:21+00:00\",\"breadcrumb\":{\"@id\":\"https:\\\/\\\/generalemballage.com\\\/en\\\/history\\\/#breadcrumb\"},\"inLanguage\":\"en-US\",\"potentialAction\":[{\"@type\":\"ReadAction\",\"target\":[\"https:\\\/\\\/generalemballage.com\\\/en\\\/history\\\/\"]}]},{\"@type\":\"BreadcrumbList\",\"@id\":\"https:\\\/\\\/generalemballage.com\\\/en\\\/history\\\/#breadcrumb\",\"itemListElement\":[{\"@type\":\"ListItem\",\"position\":1,\"name\":\"Accueil\",\"item\":\"https:\\\/\\\/generalemballage.com\\\/en\\\/\"},{\"@type\":\"ListItem\",\"position\":2,\"name\":\"History\"}]},{\"@type\":\"WebSite\",\"@id\":\"https:\\\/\\\/generalemballage.com\\\/en\\\/#website\",\"url\":\"https:\\\/\\\/generalemballage.com\\\/en\\\/\",\"name\":\"General emballage\",\"description\":\"N\u00b0 1 IN ALGERIA OF CORRUGATED FIBERBOARD PACKAGING\",\"publisher\":{\"@id\":\"https:\\\/\\\/generalemballage.com\\\/en\\\/#organization\"},\"potentialAction\":[{\"@type\":\"SearchAction\",\"target\":{\"@type\":\"EntryPoint\",\"urlTemplate\":\"https:\\\/\\\/generalemballage.com\\\/en\\\/?s={search_term_string}\"},\"query-input\":{\"@type\":\"PropertyValueSpecification\",\"valueRequired\":true,\"valueName\":\"search_term_string\"}}],\"inLanguage\":\"en-US\"},{\"@type\":\"Organization\",\"@id\":\"https:\\\/\\\/generalemballage.com\\\/en\\\/#organization\",\"name\":\"General emballage\",\"url\":\"https:\\\/\\\/generalemballage.com\\\/en\\\/\",\"logo\":{\"@type\":\"ImageObject\",\"inLanguage\":\"en-US\",\"@id\":\"https:\\\/\\\/generalemballage.com\\\/en\\\/#\\\/schema\\\/logo\\\/image\\\/\",\"url\":\"https:\\\/\\\/generalemballage.com\\\/en\\\/wp-content\\\/uploads\\\/sites\\\/4\\\/2025\\\/03\\\/cropped-cropped-cropped-cropped-Logo-GE-1-1.png\",\"contentUrl\":\"https:\\\/\\\/generalemballage.com\\\/en\\\/wp-content\\\/uploads\\\/sites\\\/4\\\/2025\\\/03\\\/cropped-cropped-cropped-cropped-Logo-GE-1-1.png\",\"width\":446,\"height\":143,\"caption\":\"General emballage\"},\"image\":{\"@id\":\"https:\\\/\\\/generalemballage.com\\\/en\\\/#\\\/schema\\\/logo\\\/image\\\/\"}}]}<\/script>\n<!-- \/ Yoast SEO plugin. -->","yoast_head_json":{"title":"History - General emballage","robots":{"index":"index","follow":"follow","max-snippet":"max-snippet:-1","max-image-preview":"max-image-preview:large","max-video-preview":"max-video-preview:-1"},"canonical":"https:\/\/generalemballage.com\/en\/history\/","og_locale":"en_US","og_type":"article","og_title":"History - General emballage","og_url":"https:\/\/generalemballage.com\/en\/history\/","og_site_name":"General emballage","article_modified_time":"2025-08-07T13:47:21+00:00","twitter_card":"summary_large_image","schema":{"@context":"https:\/\/schema.org","@graph":[{"@type":"WebPage","@id":"https:\/\/generalemballage.com\/en\/history\/","url":"https:\/\/generalemballage.com\/en\/history\/","name":"History - General emballage","isPartOf":{"@id":"https:\/\/generalemballage.com\/en\/#website"},"datePublished":"2025-08-06T15:20:03+00:00","dateModified":"2025-08-07T13:47:21+00:00","breadcrumb":{"@id":"https:\/\/generalemballage.com\/en\/history\/#breadcrumb"},"inLanguage":"en-US","potentialAction":[{"@type":"ReadAction","target":["https:\/\/generalemballage.com\/en\/history\/"]}]},{"@type":"BreadcrumbList","@id":"https:\/\/generalemballage.com\/en\/history\/#breadcrumb","itemListElement":[{"@type":"ListItem","position":1,"name":"Accueil","item":"https:\/\/generalemballage.com\/en\/"},{"@type":"ListItem","position":2,"name":"History"}]},{"@type":"WebSite","@id":"https:\/\/generalemballage.com\/en\/#website","url":"https:\/\/generalemballage.com\/en\/","name":"General emballage","description":"N\u00b0 1 IN ALGERIA OF CORRUGATED FIBERBOARD PACKAGING","publisher":{"@id":"https:\/\/generalemballage.com\/en\/#organization"},"potentialAction":[{"@type":"SearchAction","target":{"@type":"EntryPoint","urlTemplate":"https:\/\/generalemballage.com\/en\/?s={search_term_string}"},"query-input":{"@type":"PropertyValueSpecification","valueRequired":true,"valueName":"search_term_string"}}],"inLanguage":"en-US"},{"@type":"Organization","@id":"https:\/\/generalemballage.com\/en\/#organization","name":"General emballage","url":"https:\/\/generalemballage.com\/en\/","logo":{"@type":"ImageObject","inLanguage":"en-US","@id":"https:\/\/generalemballage.com\/en\/#\/schema\/logo\/image\/","url":"https:\/\/generalemballage.com\/en\/wp-content\/uploads\/sites\/4\/2025\/03\/cropped-cropped-cropped-cropped-Logo-GE-1-1.png","contentUrl":"https:\/\/generalemballage.com\/en\/wp-content\/uploads\/sites\/4\/2025\/03\/cropped-cropped-cropped-cropped-Logo-GE-1-1.png","width":446,"height":143,"caption":"General emballage"},"image":{"@id":"https:\/\/generalemballage.com\/en\/#\/schema\/logo\/image\/"}}]}},"_links":{"self":[{"href":"https:\/\/generalemballage.com\/en\/wp-json\/wp\/v2\/pages\/1264","targetHints":{"allow":["GET"]}}],"collection":[{"href":"https:\/\/generalemballage.com\/en\/wp-json\/wp\/v2\/pages"}],"about":[{"href":"https:\/\/generalemballage.com\/en\/wp-json\/wp\/v2\/types\/page"}],"author":[{"embeddable":true,"href":"https:\/\/generalemballage.com\/en\/wp-json\/wp\/v2\/users\/1"}],"replies":[{"embeddable":true,"href":"https:\/\/generalemballage.com\/en\/wp-json\/wp\/v2\/comments?post=1264"}],"version-history":[{"count":4,"href":"https:\/\/generalemballage.com\/en\/wp-json\/wp\/v2\/pages\/1264\/revisions"}],"predecessor-version":[{"id":1318,"href":"https:\/\/generalemballage.com\/en\/wp-json\/wp\/v2\/pages\/1264\/revisions\/1318"}],"wp:attachment":[{"href":"https:\/\/generalemballage.com\/en\/wp-json\/wp\/v2\/media?parent=1264"}],"curies":[{"name":"wp","href":"https:\/\/api.w.org\/{rel}","templated":true}]}}