{"id":54,"date":"2025-03-23T13:44:20","date_gmt":"2025-03-23T12:44:20","guid":{"rendered":"https:\/\/isatis-dz.com\/project\/en\/?page_id=54"},"modified":"2025-07-28T16:22:46","modified_gmt":"2025-07-28T14:22:46","slug":"recycling","status":"publish","type":"page","link":"https:\/\/generalemballage.com\/en\/recycling\/","title":{"rendered":"Recycling"},"content":{"rendered":"\t\t<div data-elementor-type=\"wp-page\" data-elementor-id=\"54\" class=\"elementor elementor-54\">\n\t\t\t\t<div class=\"elementor-element elementor-element-06e8700 e-flex e-con-boxed wpr-particle-no wpr-jarallax-no wpr-parallax-no wpr-sticky-section-no e-con e-parent\" data-id=\"06e8700\" data-element_type=\"container\" data-e-type=\"container\" data-settings=\"{&quot;background_background&quot;:&quot;classic&quot;}\">\n\t\t\t\t\t<div class=\"e-con-inner\">\n\t\t\t\t<div class=\"elementor-element elementor-element-05a2c1d elementor-widget elementor-widget-heading\" data-id=\"05a2c1d\" data-element_type=\"widget\" data-e-type=\"widget\" data-widget_type=\"heading.default\">\n\t\t\t\t<div class=\"elementor-widget-container\">\n\t\t\t\t\t<h2 class=\"elementor-heading-title elementor-size-default\">RECYCLING<\/h2>\t\t\t\t<\/div>\n\t\t\t\t<\/div>\n\t\t\t\t\t<\/div>\n\t\t\t\t<\/div>\n\t\t<div class=\"elementor-element elementor-element-a5e8345 e-flex e-con-boxed wpr-particle-no wpr-jarallax-no wpr-parallax-no wpr-sticky-section-no e-con e-parent\" data-id=\"a5e8345\" data-element_type=\"container\" data-e-type=\"container\">\n\t\t\t\t\t<div class=\"e-con-inner\">\n\t\t<div class=\"elementor-element elementor-element-52c2889 e-con-full e-flex wpr-particle-no wpr-jarallax-no wpr-parallax-no wpr-sticky-section-no e-con e-child\" data-id=\"52c2889\" data-element_type=\"container\" data-e-type=\"container\">\n\t\t\t\t<div class=\"elementor-element elementor-element-d91ea45 elementor-widget elementor-widget-heading\" data-id=\"d91ea45\" data-element_type=\"widget\" data-e-type=\"widget\" data-widget_type=\"heading.default\">\n\t\t\t\t<div class=\"elementor-widget-container\">\n\t\t\t\t\t<h2 class=\"elementor-heading-title elementor-size-default\">G\u00c9N\u00c9RAL EMBALLAGE RECYCLE <\/h2>\t\t\t\t<\/div>\n\t\t\t\t<\/div>\n\t\t\t\t<div class=\"elementor-element elementor-element-0a96310 elementor-widget elementor-widget-text-editor\" data-id=\"0a96310\" data-element_type=\"widget\" data-e-type=\"widget\" data-widget_type=\"text-editor.default\">\n\t\t\t\t<div class=\"elementor-widget-container\">\n\t\t\t\t\t\t\t\t\t<p><strong>G\u00e9n\u00e9ral Emballage <\/strong>is not only your packaging supplier, but also your customer for paper and cardboard waste.<\/p><p>Whether you&#8217;re a humble housewife, shopkeeper, craftsman or industrialist, don&#8217;t throw them away &#8211; we give them another life.<\/p><p>If you would like to promote a collection activity, contact us for advice and assistance.<\/p><p>We deploy a vast recovery network with a view to upstream integration of paper production. Our recovery centers across the country are at your service.<\/p>\t\t\t\t\t\t\t\t<\/div>\n\t\t\t\t<\/div>\n\t\t\t\t<\/div>\n\t\t<div class=\"elementor-element elementor-element-0d2367b e-con-full e-flex wpr-particle-no wpr-jarallax-no wpr-parallax-no wpr-sticky-section-no e-con e-child\" data-id=\"0d2367b\" data-element_type=\"container\" data-e-type=\"container\">\n\t\t\t\t<div class=\"elementor-element elementor-element-931a232 pp-image-accordion-orientation-vertical pp-image-accordion-stack-on-tablet elementor-widget elementor-widget-pp-image-accordion\" data-id=\"931a232\" data-element_type=\"widget\" data-e-type=\"widget\" data-settings=\"{&quot;accordion_action&quot;:&quot;on-hover&quot;}\" data-widget_type=\"pp-image-accordion.default\">\n\t\t\t\t<div class=\"elementor-widget-container\">\n\t\t\t\t\t\t\t\t<div class=\"pp-image-accordion pp-image-accordion-on-hover\" id=\"pp-image-accordion-931a232\">\n\t\t\t\t\t\t\t\t\t\t\t\t\t\t<div class=\"pp-image-accordion-item elementor-repeater-item-9fdfa8b\" style=\"background-image: url(https:\/\/generalemballage.com\/en\/wp-content\/uploads\/sites\/4\/2025\/07\/recycle.jpg);\">\n\t\t\t\t\t\t<div class=\"pp-image-accordion-overlay pp-media-overlay\">\n\t\t\t\t\t\t\t<div class=\"pp-image-accordion-content-wrap\">\n\t\t\t\t\t\t\t\t<div class=\"pp-image-accordion-content\">\n\t\t\t\t\t\t\t\t\t\t\t\t\t\t\t\t\t\t<h2 class=\"pp-image-accordion-title\">\n\t\t\t\t\t\t\t\t\t\t\t\t\t\t\t\t\t\t\t<\/h2>\n\t\t\t\t\t\t\t\t\t<div class=\"pp-image-accordion-description\">\n\t\t\t\t\t\t\t\t\t\t\t\t\t\t\t\t\t\t\t<\/div>\n\t\t\t\t\t\t\t\t<\/div>\n\t\t\t\t\t\t\t\t\t\t\t\t\t\t\t<\/div>\n\t\t\t\t\t\t<\/div>\n\t\t\t\t\t<\/div>\n\t\t\t\t\t\t\t\t\t\t\t\t\t\t<div class=\"pp-image-accordion-item elementor-repeater-item-b01604d\" style=\"background-image: url(https:\/\/generalemballage.com\/en\/wp-content\/uploads\/sites\/4\/2025\/07\/mmm.jpg);\">\n\t\t\t\t\t\t<div class=\"pp-image-accordion-overlay pp-media-overlay\">\n\t\t\t\t\t\t\t<div class=\"pp-image-accordion-content-wrap\">\n\t\t\t\t\t\t\t\t<div class=\"pp-image-accordion-content\">\n\t\t\t\t\t\t\t\t\t\t\t\t\t\t\t\t\t\t<h2 class=\"pp-image-accordion-title\">\n\t\t\t\t\t\t\t\t\t\t\t\t\t\t\t\t\t\t\t<\/h2>\n\t\t\t\t\t\t\t\t\t<div class=\"pp-image-accordion-description\">\n\t\t\t\t\t\t\t\t\t\t\t\t\t\t\t\t\t\t\t<\/div>\n\t\t\t\t\t\t\t\t<\/div>\n\t\t\t\t\t\t\t\t\t\t\t\t\t\t\t<\/div>\n\t\t\t\t\t\t<\/div>\n\t\t\t\t\t<\/div>\n\t\t\t\t\t\t\t\t\t\t\t\t\t\t<div class=\"pp-image-accordion-item elementor-repeater-item-11797a7\" style=\"background-image: url(https:\/\/generalemballage.com\/en\/wp-content\/uploads\/sites\/4\/2025\/07\/RE1.jpg);\">\n\t\t\t\t\t\t<div class=\"pp-image-accordion-overlay pp-media-overlay\">\n\t\t\t\t\t\t\t<div class=\"pp-image-accordion-content-wrap\">\n\t\t\t\t\t\t\t\t<div class=\"pp-image-accordion-content\">\n\t\t\t\t\t\t\t\t\t\t\t\t\t\t\t\t\t\t<h2 class=\"pp-image-accordion-title\">\n\t\t\t\t\t\t\t\t\t\t\t\t\t\t\t\t\t\t\t<\/h2>\n\t\t\t\t\t\t\t\t\t<div class=\"pp-image-accordion-description\">\n\t\t\t\t\t\t\t\t\t\t\t\t\t\t\t\t\t\t\t<\/div>\n\t\t\t\t\t\t\t\t<\/div>\n\t\t\t\t\t\t\t\t\t\t\t\t\t\t\t<\/div>\n\t\t\t\t\t\t<\/div>\n\t\t\t\t\t<\/div>\n\t\t\t\t\t\t\t<\/div>\n\t\t\t\t\t\t<\/div>\n\t\t\t\t<\/div>\n\t\t\t\t<\/div>\n\t\t\t\t\t<\/div>\n\t\t\t\t<\/div>\n\t\t\t\t<\/div>\n\t\t","protected":false},"excerpt":{"rendered":"<p>RECYCLING G\u00c9N\u00c9RAL EMBALLAGE RECYCLE G\u00e9n\u00e9ral Emballage is not only your packaging supplier, but also your customer for paper and cardboard waste. Whether you&#8217;re a humble housewife, shopkeeper, craftsman or industrialist, don&#8217;t throw them away &#8211; we give them another life. If you would like to promote a collection activity, contact us for advice and assistance. We deploy a vast recovery network with a view to upstream integration of paper production. Our recovery centers across the country are at your service.<\/p>\n","protected":false},"author":1,"featured_media":0,"parent":0,"menu_order":0,"comment_status":"closed","ping_status":"closed","template":"","meta":{"site-sidebar-layout":"no-sidebar","site-content-layout":"","ast-site-content-layout":"full-width-container","site-content-style":"default","site-sidebar-style":"default","ast-global-header-display":"","ast-banner-title-visibility":"","ast-main-header-display":"","ast-hfb-above-header-display":"","ast-hfb-below-header-display":"","ast-hfb-mobile-header-display":"","site-post-title":"disabled","ast-breadcrumbs-content":"","ast-featured-img":"disabled","footer-sml-layout":"","ast-disable-related-posts":"","theme-transparent-header-meta":"","adv-header-id-meta":"","stick-header-meta":"","header-above-stick-meta":"","header-main-stick-meta":"","header-below-stick-meta":"","astra-migrate-meta-layouts":"default","ast-page-background-enabled":"default","ast-page-background-meta":{"desktop":{"background-color":"var(--ast-global-color-5)","background-image":"","background-repeat":"repeat","background-position":"center center","background-size":"auto","background-attachment":"scroll","background-type":"","background-media":"","overlay-type":"","overlay-color":"","overlay-opacity":"","overlay-gradient":""},"tablet":{"background-color":"","background-image":"","background-repeat":"repeat","background-position":"center center","background-size":"auto","background-attachment":"scroll","background-type":"","background-media":"","overlay-type":"","overlay-color":"","overlay-opacity":"","overlay-gradient":""},"mobile":{"background-color":"","background-image":"","background-repeat":"repeat","background-position":"center center","background-size":"auto","background-attachment":"scroll","background-type":"","background-media":"","overlay-type":"","overlay-color":"","overlay-opacity":"","overlay-gradient":""}},"ast-content-background-meta":{"desktop":{"background-color":"var(--ast-global-color-4)","background-image":"","background-repeat":"repeat","background-position":"center center","background-size":"auto","background-attachment":"scroll","background-type":"","background-media":"","overlay-type":"","overlay-color":"","overlay-opacity":"","overlay-gradient":""},"tablet":{"background-color":"var(--ast-global-color-4)","background-image":"","background-repeat":"repeat","background-position":"center center","background-size":"auto","background-attachment":"scroll","background-type":"","background-media":"","overlay-type":"","overlay-color":"","overlay-opacity":"","overlay-gradient":""},"mobile":{"background-color":"var(--ast-global-color-4)","background-image":"","background-repeat":"repeat","background-position":"center center","background-size":"auto","background-attachment":"scroll","background-type":"","background-media":"","overlay-type":"","overlay-color":"","overlay-opacity":"","overlay-gradient":""}},"_themeisle_gutenberg_block_has_review":false,"footnotes":""},"class_list":["post-54","page","type-page","status-publish","hentry"],"yoast_head":"<!-- This site is optimized with the Yoast SEO plugin v27.3 - https:\/\/yoast.com\/product\/yoast-seo-wordpress\/ -->\n<title>Recycling - General emballage<\/title>\n<meta name=\"robots\" content=\"index, follow, max-snippet:-1, max-image-preview:large, max-video-preview:-1\" \/>\n<link rel=\"canonical\" href=\"https:\/\/generalemballage.com\/en\/recycling\/\" \/>\n<meta property=\"og:locale\" content=\"en_US\" \/>\n<meta property=\"og:type\" content=\"article\" \/>\n<meta property=\"og:title\" content=\"Recycling - General emballage\" \/>\n<meta property=\"og:description\" content=\"RECYCLING G\u00c9N\u00c9RAL EMBALLAGE RECYCLE G\u00e9n\u00e9ral Emballage is not only your packaging supplier, but also your customer for paper and cardboard waste. Whether you&#8217;re a humble housewife, shopkeeper, craftsman or industrialist, don&#8217;t throw them away &#8211; we give them another life. If you would like to promote a collection activity, contact us for advice and assistance. We deploy a vast recovery network with a view to upstream integration of paper production. Our recovery centers across the country are at your service.\" \/>\n<meta property=\"og:url\" content=\"https:\/\/generalemballage.com\/en\/recycling\/\" \/>\n<meta property=\"og:site_name\" content=\"General emballage\" \/>\n<meta property=\"article:modified_time\" content=\"2025-07-28T14:22:46+00:00\" \/>\n<meta name=\"twitter:card\" content=\"summary_large_image\" \/>\n<script type=\"application\/ld+json\" class=\"yoast-schema-graph\">{\"@context\":\"https:\\\/\\\/schema.org\",\"@graph\":[{\"@type\":\"WebPage\",\"@id\":\"https:\\\/\\\/generalemballage.com\\\/en\\\/recycling\\\/\",\"url\":\"https:\\\/\\\/generalemballage.com\\\/en\\\/recycling\\\/\",\"name\":\"Recycling - General emballage\",\"isPartOf\":{\"@id\":\"https:\\\/\\\/generalemballage.com\\\/en\\\/#website\"},\"datePublished\":\"2025-03-23T12:44:20+00:00\",\"dateModified\":\"2025-07-28T14:22:46+00:00\",\"breadcrumb\":{\"@id\":\"https:\\\/\\\/generalemballage.com\\\/en\\\/recycling\\\/#breadcrumb\"},\"inLanguage\":\"en-US\",\"potentialAction\":[{\"@type\":\"ReadAction\",\"target\":[\"https:\\\/\\\/generalemballage.com\\\/en\\\/recycling\\\/\"]}]},{\"@type\":\"BreadcrumbList\",\"@id\":\"https:\\\/\\\/generalemballage.com\\\/en\\\/recycling\\\/#breadcrumb\",\"itemListElement\":[{\"@type\":\"ListItem\",\"position\":1,\"name\":\"Accueil\",\"item\":\"https:\\\/\\\/generalemballage.com\\\/en\\\/\"},{\"@type\":\"ListItem\",\"position\":2,\"name\":\"Recycling\"}]},{\"@type\":\"WebSite\",\"@id\":\"https:\\\/\\\/generalemballage.com\\\/en\\\/#website\",\"url\":\"https:\\\/\\\/generalemballage.com\\\/en\\\/\",\"name\":\"General emballage\",\"description\":\"N\u00b0 1 IN ALGERIA OF CORRUGATED FIBERBOARD PACKAGING\",\"publisher\":{\"@id\":\"https:\\\/\\\/generalemballage.com\\\/en\\\/#organization\"},\"potentialAction\":[{\"@type\":\"SearchAction\",\"target\":{\"@type\":\"EntryPoint\",\"urlTemplate\":\"https:\\\/\\\/generalemballage.com\\\/en\\\/?s={search_term_string}\"},\"query-input\":{\"@type\":\"PropertyValueSpecification\",\"valueRequired\":true,\"valueName\":\"search_term_string\"}}],\"inLanguage\":\"en-US\"},{\"@type\":\"Organization\",\"@id\":\"https:\\\/\\\/generalemballage.com\\\/en\\\/#organization\",\"name\":\"General emballage\",\"url\":\"https:\\\/\\\/generalemballage.com\\\/en\\\/\",\"logo\":{\"@type\":\"ImageObject\",\"inLanguage\":\"en-US\",\"@id\":\"https:\\\/\\\/generalemballage.com\\\/en\\\/#\\\/schema\\\/logo\\\/image\\\/\",\"url\":\"https:\\\/\\\/generalemballage.com\\\/en\\\/wp-content\\\/uploads\\\/sites\\\/4\\\/2025\\\/03\\\/cropped-cropped-cropped-cropped-Logo-GE-1-1.png\",\"contentUrl\":\"https:\\\/\\\/generalemballage.com\\\/en\\\/wp-content\\\/uploads\\\/sites\\\/4\\\/2025\\\/03\\\/cropped-cropped-cropped-cropped-Logo-GE-1-1.png\",\"width\":446,\"height\":143,\"caption\":\"General emballage\"},\"image\":{\"@id\":\"https:\\\/\\\/generalemballage.com\\\/en\\\/#\\\/schema\\\/logo\\\/image\\\/\"}}]}<\/script>\n<!-- \/ Yoast SEO plugin. -->","yoast_head_json":{"title":"Recycling - General emballage","robots":{"index":"index","follow":"follow","max-snippet":"max-snippet:-1","max-image-preview":"max-image-preview:large","max-video-preview":"max-video-preview:-1"},"canonical":"https:\/\/generalemballage.com\/en\/recycling\/","og_locale":"en_US","og_type":"article","og_title":"Recycling - General emballage","og_description":"RECYCLING G\u00c9N\u00c9RAL EMBALLAGE RECYCLE G\u00e9n\u00e9ral Emballage is not only your packaging supplier, but also your customer for paper and cardboard waste. Whether you&#8217;re a humble housewife, shopkeeper, craftsman or industrialist, don&#8217;t throw them away &#8211; we give them another life. If you would like to promote a collection activity, contact us for advice and assistance. We deploy a vast recovery network with a view to upstream integration of paper production. Our recovery centers across the country are at your service.","og_url":"https:\/\/generalemballage.com\/en\/recycling\/","og_site_name":"General emballage","article_modified_time":"2025-07-28T14:22:46+00:00","twitter_card":"summary_large_image","schema":{"@context":"https:\/\/schema.org","@graph":[{"@type":"WebPage","@id":"https:\/\/generalemballage.com\/en\/recycling\/","url":"https:\/\/generalemballage.com\/en\/recycling\/","name":"Recycling - General emballage","isPartOf":{"@id":"https:\/\/generalemballage.com\/en\/#website"},"datePublished":"2025-03-23T12:44:20+00:00","dateModified":"2025-07-28T14:22:46+00:00","breadcrumb":{"@id":"https:\/\/generalemballage.com\/en\/recycling\/#breadcrumb"},"inLanguage":"en-US","potentialAction":[{"@type":"ReadAction","target":["https:\/\/generalemballage.com\/en\/recycling\/"]}]},{"@type":"BreadcrumbList","@id":"https:\/\/generalemballage.com\/en\/recycling\/#breadcrumb","itemListElement":[{"@type":"ListItem","position":1,"name":"Accueil","item":"https:\/\/generalemballage.com\/en\/"},{"@type":"ListItem","position":2,"name":"Recycling"}]},{"@type":"WebSite","@id":"https:\/\/generalemballage.com\/en\/#website","url":"https:\/\/generalemballage.com\/en\/","name":"General emballage","description":"N\u00b0 1 IN ALGERIA OF CORRUGATED FIBERBOARD PACKAGING","publisher":{"@id":"https:\/\/generalemballage.com\/en\/#organization"},"potentialAction":[{"@type":"SearchAction","target":{"@type":"EntryPoint","urlTemplate":"https:\/\/generalemballage.com\/en\/?s={search_term_string}"},"query-input":{"@type":"PropertyValueSpecification","valueRequired":true,"valueName":"search_term_string"}}],"inLanguage":"en-US"},{"@type":"Organization","@id":"https:\/\/generalemballage.com\/en\/#organization","name":"General emballage","url":"https:\/\/generalemballage.com\/en\/","logo":{"@type":"ImageObject","inLanguage":"en-US","@id":"https:\/\/generalemballage.com\/en\/#\/schema\/logo\/image\/","url":"https:\/\/generalemballage.com\/en\/wp-content\/uploads\/sites\/4\/2025\/03\/cropped-cropped-cropped-cropped-Logo-GE-1-1.png","contentUrl":"https:\/\/generalemballage.com\/en\/wp-content\/uploads\/sites\/4\/2025\/03\/cropped-cropped-cropped-cropped-Logo-GE-1-1.png","width":446,"height":143,"caption":"General emballage"},"image":{"@id":"https:\/\/generalemballage.com\/en\/#\/schema\/logo\/image\/"}}]}},"_links":{"self":[{"href":"https:\/\/generalemballage.com\/en\/wp-json\/wp\/v2\/pages\/54","targetHints":{"allow":["GET"]}}],"collection":[{"href":"https:\/\/generalemballage.com\/en\/wp-json\/wp\/v2\/pages"}],"about":[{"href":"https:\/\/generalemballage.com\/en\/wp-json\/wp\/v2\/types\/page"}],"author":[{"embeddable":true,"href":"https:\/\/generalemballage.com\/en\/wp-json\/wp\/v2\/users\/1"}],"replies":[{"embeddable":true,"href":"https:\/\/generalemballage.com\/en\/wp-json\/wp\/v2\/comments?post=54"}],"version-history":[{"count":7,"href":"https:\/\/generalemballage.com\/en\/wp-json\/wp\/v2\/pages\/54\/revisions"}],"predecessor-version":[{"id":1061,"href":"https:\/\/generalemballage.com\/en\/wp-json\/wp\/v2\/pages\/54\/revisions\/1061"}],"wp:attachment":[{"href":"https:\/\/generalemballage.com\/en\/wp-json\/wp\/v2\/media?parent=54"}],"curies":[{"name":"wp","href":"https:\/\/api.w.org\/{rel}","templated":true}]}}